{"id":5650136,"date":"2019-05-01T19:34:03","date_gmt":"2019-05-01T19:34:03","guid":{"rendered":"https:\/\/www.herreradelduque.com\/?page_id=5650136"},"modified":"2019-05-04T21:37:35","modified_gmt":"2019-05-04T21:37:35","slug":"history","status":"publish","type":"page","link":"https:\/\/www.herreradelduque.com\/en\/history\/","title":{"rendered":"History"},"content":{"rendered":"[vc_row css=&#8221;.vc_custom_1540140479195{padding-top: 90px !important;padding-bottom: 90px !important;}&#8221;][vc_column width=&#8221;1\/4&#8243;]<div class=\"norebro-process-sc process \"\r\n\tid=\"norebro-custom-69dd17b410c1a\"\r\n\t \r\n\t>\r\n\t\t\r\n\t<div class=\"number\">01.<\/div>\r\n\t<h3>Neolithic<\/h3>\r\n\t<p class=\"description\">Pozoba, Ferreruela, Gerrera, Ferrera, Herrera\u2014with its many surnames such as del Duque, de la Serena or del Castillo\u2014are the many names by which this place has been known throughout the ages, starting with the early Neolithic settlements that left their mark in the cave paintings of the Cuevas de la Panda.<\/p>\r\n\r\n<\/div>[\/vc_column][vc_column width=&#8221;1\/4&#8243;]<div class=\"norebro-process-sc process \"\r\n\tid=\"norebro-custom-69dd17b410ca8\"\r\n\t \r\n\t>\r\n\t\t\r\n\t<div class=\"number\">02.<\/div>\r\n\t<h3>Roman Settlement<\/h3>\r\n\t<p class=\"description\">Hallmarks of their history can be found in the Cerro de la Barca site with oriental influences, the strategic strongholds like the one of Azuche, the decorative warrior stelae in Quinter\u00edas, the necropolis of Jardal, and the inscriptions of the Roman settlement of the Posadillas.<\/p>\r\n\r\n<\/div>[\/vc_column][vc_column width=&#8221;1\/4&#8243;]<div class=\"norebro-process-sc process \"\r\n\tid=\"norebro-custom-69dd17b410d05\"\r\n\t \r\n\t>\r\n\t\t\r\n\t<div class=\"number\">03.<\/div>\r\n\t<h3>Middle Ages<\/h3>\r\n\t<p class=\"description\">Following the reconquest by Alfonso T\u00e9llez de Meneses (13th century), Herrera expands in the late Middle Ages under the lordship of the Belalc\u00e1zar county, linked to Puebla de Alcocer together with the lordships of Garc\u00eda de Toledo, Bernat de Cabrera and Sotomayor. It is bestowed with the Catalonian \u201cCarta puebla\u201d title, a distinct lordship regime from the 14th century that opened the door to its rights as township.<\/p>\r\n\r\n<\/div>[\/vc_column][vc_column width=&#8221;1\/4&#8243;]<div class=\"norebro-process-sc process \"\r\n\tid=\"norebro-custom-69dd17b410d5a\"\r\n\t \r\n\t>\r\n\t\t\r\n\t<div class=\"number\">02.<\/div>\r\n\t<h3>Extremadura<\/h3>\r\n\t<p class=\"description\">Following the reconquest by Alfonso T\u00e9llez de Meneses (13th century), Herrera expands in the late Middle Ages under the lordship of the Belalc\u00e1zar county, linked to Puebla de Alcocer together with the lordships of Garc\u00eda de Toledo, Bernat de Cabrera and Sotomayor. It is bestowed with the Catalonian \u201cCarta puebla\u201d title, a distinct lordship regime from the 14th century that opened the door to its rights as township.<\/p>\r\n\r\n<\/div>[\/vc_column][\/vc_row][vc_row full_width=&#8221;stretch_row&#8221; css=&#8221;.vc_custom_1541847868945{background-image: url(https:\/\/www.herreradelduque.com\/wp-content\/uploads\/2018\/11\/la-siberia-extremadura.jpg?id=5648466) !important;background-position: center !important;background-repeat: no-repeat !important;background-size: cover !important;}&#8221;][vc_column][vc_empty_space height=&#8221;90px&#8221;]<div class=\"norebro-split-box-sc split-box\" \r\nid=\"norebro-custom-69dd17b410dab\" \r\n>\r\n\r\n\t<div class=\"vc_col-md-6 split-box-wrap\">\r\n\t<div class=\"parallax-bg\"><\/div>\r\n\t<div class=\"content\">\r\n\t\t<div class=\"norebro-heading-sc heading text-left\"\r\n\tid=\"norebro-custom-69dd17b410e83\" \r\n\t \r\n\t>\r\n\t\r\n\t\r\n\t\r\n\t<h2 class=\"title\">\r\n\t\tAdministrative Constituency of La Siberia\t<\/h2>\r\n\r\n\t\r\n\t\t\r\n<\/div>[vc_empty_space height=&#8221;20px&#8221;]<div class=\"norebro-text-sc \" \r\n\tid=\"norebro-custom-69dd17b410f0e\" \r\n\t \r\n\t>\r\n\r\n\t<p>This region is on the Northeast side of Badajoz Province, at the crossroads of C\u00e1ceres, Toledo, and Ciudad Real, right by the Portillo de Cijara and neighboring the Serena, Las Villuercas, the La Jara regions, as well as the Alcudia and Pedroches valleys.<\/p>\n<p>A borderland, it belongs to all and to no one, framed by the Guadiana river bend, an island amongst the Toledo mountains, the La Mancha plains, Sierra Morena and Extremadura.<\/p>\n<p>All of this, combined with its limited accessibility and the distance from the main commercial and administrative hubs, together with its mountainous and fierce character, has led to the marginalization of this region and its being nicknamed \u201cExtremadura\u2019s Siberia\u201d (Desiderio Vaquerizo).<\/p>\n\t\r\n<\/div>\t<\/div>\r\n<\/div><div class=\"vc_col-md-6 split-box-wrap\">\r\n\t<div class=\"parallax-bg\"><\/div>\r\n\t<div class=\"content\">\r\n\t\t\t<\/div>\r\n<\/div>\t\r\n\r\n<\/div>[vc_empty_space height=&#8221;90px&#8221;][\/vc_column][\/vc_row][vc_row full_width=&#8221;stretch_row&#8221; css=&#8221;.vc_custom_1540140214040{padding-top: 90px !important;padding-bottom: 90px !important;background-color: #f8f8f8 !important;}&#8221;][vc_column width=&#8221;1\/2&#8243;]<div class=\"norebro-heading-sc heading text-left\"\r\n\tid=\"norebro-custom-69dd17b410f8b\" \r\n\t \r\n\t>\r\n\t\r\n\t\t\t<p class=\"subtitle\">\r\n\t\t\tMore History\t\t<\/p>\r\n\t\r\n\t\r\n\t<h3 class=\"title subtitle-top\">\r\n\t\tHerrera Under Toledo\t<\/h3>\r\n\r\n\t\r\n\t\t\r\n<\/div><div class=\"norebro-text-sc \" \r\n\tid=\"norebro-custom-69dd17b410ffb\" \r\n\t \r\n\t>\r\n\r\n\t<p>By the end of the 18th century, Herrera still belonged to the Puebla de Alcocer Viscounty, under the lordship of the houses of Benavente, B\u00e9jar, Osuna and Gand\u00eda, who ruled over the jurisdiction.<\/p>\n<p>With regards to legal matters, in 1790 it detached itself from the Granada chancellorship and came under the auspices of the new Royal Audience of Extremadura, which since its foundation had its seat in C\u00e1ceres.<\/p>\n\t\r\n<\/div>[\/vc_column][vc_column width=&#8221;1\/2&#8243;][vc_empty_space height=&#8221;62px&#8221;]<div class=\"norebro-text-sc \" \r\n\tid=\"norebro-custom-69dd17b41105b\" \r\n\t \r\n\t>\r\n\r\n\t<p>Over many decades, Herrera was constantly subjected to the changing territorial divisions introduced by the minister Floridablanca (1785) and the provincial division of 1833, which decoupled it from Trujillo and established the province of Badajoz, of which it became a judicial district.<\/p>\n<p>In ecclesiastic terms, Herrera has belonged to Toledo since it was reconquered in the first third of the 13th century. Currently, it is one of the three archpriesthoods of the primacial diocese in Badajoz.<\/p>\n\t\r\n<\/div>[\/vc_column][\/vc_row]\n","protected":false},"excerpt":{"rendered":"<p>[vc_row css=&rdquo;.vc_custom_1540140479195{padding-top: 90px !important;padding-bottom: 90px !important;}&rdquo;][vc_column width=&rdquo;1\/4&Prime;][\/vc_column][vc_column width=&rdquo;1\/4&Prime;][\/vc_column][vc_column width=&rdquo;1\/4&Prime;][\/vc_column][vc_column width=&rdquo;1\/4&Prime;][\/vc_column][\/vc_row][vc_row full_width=&rdquo;stretch_row&rdquo; css=&rdquo;.vc_custom_1541847868945{background-image: url(https:\/\/www.herreradelduque.com\/wp-content\/uploads\/2018\/11\/la-siberia-extremadura.jpg?id=5648466) !important;background-position:&#8230;<\/p>\n","protected":false},"author":1,"featured_media":0,"parent":0,"menu_order":0,"comment_status":"closed","ping_status":"closed","template":"","meta":[],"_links":{"self":[{"href":"https:\/\/www.herreradelduque.com\/en\/wp-json\/wp\/v2\/pages\/5650136"}],"collection":[{"href":"https:\/\/www.herreradelduque.com\/en\/wp-json\/wp\/v2\/pages"}],"about":[{"href":"https:\/\/www.herreradelduque.com\/en\/wp-json\/wp\/v2\/types\/page"}],"author":[{"embeddable":true,"href":"https:\/\/www.herreradelduque.com\/en\/wp-json\/wp\/v2\/users\/1"}],"replies":[{"embeddable":true,"href":"https:\/\/www.herreradelduque.com\/en\/wp-json\/wp\/v2\/comments?post=5650136"}],"version-history":[{"count":6,"href":"https:\/\/www.herreradelduque.com\/en\/wp-json\/wp\/v2\/pages\/5650136\/revisions"}],"predecessor-version":[{"id":5650354,"href":"https:\/\/www.herreradelduque.com\/en\/wp-json\/wp\/v2\/pages\/5650136\/revisions\/5650354"}],"wp:attachment":[{"href":"https:\/\/www.herreradelduque.com\/en\/wp-json\/wp\/v2\/media?parent=5650136"}],"curies":[{"name":"wp","href":"https:\/\/api.w.org\/{rel}","templated":true}]}}