{"id":5650173,"date":"2019-05-01T22:03:32","date_gmt":"2019-05-01T22:03:32","guid":{"rendered":"https:\/\/www.herreradelduque.com\/?page_id=5650173"},"modified":"2019-05-04T23:11:38","modified_gmt":"2019-05-04T23:11:38","slug":"drugstores","status":"publish","type":"page","link":"https:\/\/www.herreradelduque.com\/en\/directory\/drugstores\/","title":{"rendered":"Drugstores"},"content":{"rendered":"[vc_row full_width=&#8221;stretch_row&#8221; css=&#8221;.vc_custom_1542453097615{padding-top: 150px !important;padding-bottom: 60px !important;background-color: #f8f8f8 !important;}&#8221;][vc_column width=&#8221;1\/2&#8243; css=&#8221;.vc_custom_1542452050491{border-right-width: 1px !important;padding-top: 0px !important;padding-right: 18% !important;padding-left: 18% !important;border-right-color: #ebebeb !important;border-right-style: solid !important;}&#8221; el_class=&#8221;wrapper_1&#8243;][vc_empty_space height=&#8221;40px&#8221;][vc_single_image image=&#8221;5648845&#8243; img_size=&#8221;full&#8221; alignment=&#8221;center&#8221;][vc_empty_space height=&#8221;20px&#8221;]<div class=\"norebro-heading-sc heading text-center\"\r\n\tid=\"norebro-custom-69ddf50164411\" \r\n\t \r\n\t>\r\n\t\r\n\t\r\n\t\r\n\t<h3 class=\"title\">\r\n\t\tREMEDIOS NAVARRETE DRUGSTORE\t<\/h3>\r\n\r\n\t\r\n\t\t\r\n<\/div><div class=\"norebro-text-sc \" \r\n\tid=\"norebro-custom-69ddf501644e8\" \r\n\t \r\n\t>\r\n\r\n\t<p style=\"text-align: center;\"><strong>Hours:<\/strong> Monday to Friday.<\/p>\n<p style=\"text-align: center;\">Summer: 9:30 \u2013 14:00h 18:00 \u2013 21:00<br \/>\nWinter: 9:30 \u2013 14:00 and 17:00 \u2013 20:00<\/p>\n<p style=\"text-align: center;\"><strong>On call and emergencies:<\/strong> Every other week.<br \/>\nSaturdays: 9:30 \u2013 14:00<\/p>\n<p style=\"text-align: center;\"><strong>24-hour service:<\/strong> With medical prescription.<\/p>\n<p style=\"text-align: center;\"><strong>Address:<\/strong> C\/ La Carrera, 75<br \/>\n<strong>Phone:<\/strong> +34 924 650 306<\/p>\n\t\r\n<\/div>[vc_empty_space height=&#8221;40px&#8221;][\/vc_column][vc_column width=&#8221;1\/2&#8243; css=&#8221;.vc_custom_1542451143479{border-right-width: 1px !important;padding-top: 0px !important;padding-right: 18% !important;padding-left: 18% !important;border-right-color: #ebebeb !important;border-right-style: solid !important;}&#8221;][vc_empty_space height=&#8221;40px&#8221;][vc_single_image image=&#8221;5648846&#8243; img_size=&#8221;full&#8221; alignment=&#8221;center&#8221;][vc_empty_space height=&#8221;20px&#8221;]<div class=\"norebro-heading-sc heading text-center\"\r\n\tid=\"norebro-custom-69ddf5016453f\" \r\n\t \r\n\t>\r\n\t\r\n\t\r\n\t\r\n\t<h3 class=\"title\">\r\n\t\tMar\u00eda L\u00f3pez Gonz\u00e1lez\t<\/h3>\r\n\r\n\t\r\n\t\t\r\n<\/div><div class=\"norebro-text-sc \" \r\n\tid=\"norebro-custom-69ddf501645dc\" \r\n\t \r\n\t>\r\n\r\n\t<p style=\"text-align: center;\"><strong>Hours:<\/strong> Monday to Friday.<\/p>\n<p style=\"text-align: center;\">Summer: 9:30h \u2013 14:00 and 18:00h \u2013 21:00h<br \/>\nWinter: 9:30h \u2013 14:00 and 17:00h \u2013 20:00<\/p>\n<p style=\"text-align: center;\"><strong>On duty and emergencies:<\/strong> Every other week.<br \/>\nSaturdays: 9:30 \u2013 14:00<\/p>\n<p style=\"text-align: center;\"><strong>24-hour service:<\/strong> With medical prescription.<\/p>\n<p style=\"text-align: center;\"><strong>Address:<\/strong> Plaza de Espa\u00f1a, 25<\/p>\n<p style=\"text-align: center;\"><strong>Phone:<\/strong> +34 924 650 183<\/p>\n\t\r\n<\/div>[vc_empty_space height=&#8221;40px&#8221;][\/vc_column][\/vc_row]\n","protected":false},"excerpt":{"rendered":"<p>[vc_row full_width=&rdquo;stretch_row&rdquo; css=&rdquo;.vc_custom_1542453097615{padding-top: 150px !important;padding-bottom: 60px !important;background-color: #f8f8f8 !important;}&rdquo;][vc_column width=&rdquo;1\/2&Prime; css=&rdquo;.vc_custom_1542452050491{border-right-width: 1px !important;padding-top: 0px&#8230;<\/p>\n","protected":false},"author":1,"featured_media":0,"parent":5650165,"menu_order":0,"comment_status":"closed","ping_status":"closed","template":"","meta":[],"_links":{"self":[{"href":"https:\/\/www.herreradelduque.com\/en\/wp-json\/wp\/v2\/pages\/5650173"}],"collection":[{"href":"https:\/\/www.herreradelduque.com\/en\/wp-json\/wp\/v2\/pages"}],"about":[{"href":"https:\/\/www.herreradelduque.com\/en\/wp-json\/wp\/v2\/types\/page"}],"author":[{"embeddable":true,"href":"https:\/\/www.herreradelduque.com\/en\/wp-json\/wp\/v2\/users\/1"}],"replies":[{"embeddable":true,"href":"https:\/\/www.herreradelduque.com\/en\/wp-json\/wp\/v2\/comments?post=5650173"}],"version-history":[{"count":4,"href":"https:\/\/www.herreradelduque.com\/en\/wp-json\/wp\/v2\/pages\/5650173\/revisions"}],"predecessor-version":[{"id":5650419,"href":"https:\/\/www.herreradelduque.com\/en\/wp-json\/wp\/v2\/pages\/5650173\/revisions\/5650419"}],"up":[{"embeddable":true,"href":"https:\/\/www.herreradelduque.com\/en\/wp-json\/wp\/v2\/pages\/5650165"}],"wp:attachment":[{"href":"https:\/\/www.herreradelduque.com\/en\/wp-json\/wp\/v2\/media?parent=5650173"}],"curies":[{"name":"wp","href":"https:\/\/api.w.org\/{rel}","templated":true}]}}