{"id":5666854,"date":"2021-03-27T18:53:59","date_gmt":"2021-03-27T17:53:59","guid":{"rendered":"https:\/\/www.herreradelduque.com\/?post_type=product&#038;p=5666854"},"modified":"2025-09-01T17:58:28","modified_gmt":"2025-09-01T15:58:28","slug":"bono-gimnasio-municipal","status":"publish","type":"product","link":"https:\/\/www.herreradelduque.com\/en\/producto\/bono-gimnasio-municipal\/","title":{"rendered":"Bono Gimnasio Municipal"},"content":{"rendered":"","protected":false},"excerpt":{"rendered":"<p>En las pr\u00f3ximas 24h, despu\u00e9s de adquirir tu abono, recibir\u00e1s un correo en el cual se te indicar\u00e1 que ya est\u00e1s dado de alta en el sistema. En ese correo se te proporcionar\u00e1 un c\u00f3digo de usuario que deber\u00e1s utilizar siempre que realices una reserva para que el sistema no te cobre ning\u00fan tipo de tarifa. Las reservas deber\u00e1s hacerlas siempre de forma online a trav\u00e9s del apartado \u2018Reservas Gimnasio\u2019.<\/p>\n<p>El precio de este abono es de<strong> 50 euros<\/strong> e incluye <strong>20 sesiones<\/strong>.<\/p>\n","protected":false},"featured_media":5666857,"comment_status":"closed","ping_status":"closed","template":"","meta":[],"product_cat":[130],"product_tag":[],"_links":{"self":[{"href":"https:\/\/www.herreradelduque.com\/en\/wp-json\/wp\/v2\/product\/5666854"}],"collection":[{"href":"https:\/\/www.herreradelduque.com\/en\/wp-json\/wp\/v2\/product"}],"about":[{"href":"https:\/\/www.herreradelduque.com\/en\/wp-json\/wp\/v2\/types\/product"}],"replies":[{"embeddable":true,"href":"https:\/\/www.herreradelduque.com\/en\/wp-json\/wp\/v2\/comments?post=5666854"}],"wp:featuredmedia":[{"embeddable":true,"href":"https:\/\/www.herreradelduque.com\/en\/wp-json\/wp\/v2\/media\/5666857"}],"wp:attachment":[{"href":"https:\/\/www.herreradelduque.com\/en\/wp-json\/wp\/v2\/media?parent=5666854"}],"wp:term":[{"taxonomy":"product_cat","embeddable":true,"href":"https:\/\/www.herreradelduque.com\/en\/wp-json\/wp\/v2\/product_cat?post=5666854"},{"taxonomy":"product_tag","embeddable":true,"href":"https:\/\/www.herreradelduque.com\/en\/wp-json\/wp\/v2\/product_tag?post=5666854"}],"curies":[{"name":"wp","href":"https:\/\/api.w.org\/{rel}","templated":true}]}}